{"id":289,"date":"2017-11-30T10:52:48","date_gmt":"2017-11-30T09:52:48","guid":{"rendered":"http:\/\/www.website-hk.de\/?page_id=289"},"modified":"2025-11-10T11:56:13","modified_gmt":"2025-11-10T10:56:13","slug":"stuten","status":"publish","type":"page","link":"https:\/\/vollblutgestuet.soederhof.de\/en\/stuten\/","title":{"rendered":"Mares"},"content":{"rendered":"<table style=\"border-color: #ffffff; width: 100%;\">\n<tbody>\n<tr style=\"border-color: #ffffff;\">\n<td style=\"border-color: #ffffff; width: 76.6407%;\">\n<p>&nbsp;<\/p>\n<h3>Broodmares:<\/h3>\n<p>&nbsp;<\/p>\n<p><strong>Eaglelike<\/strong> *2020<br \/>\nby Camelot ex Eagle Eyes (Adlerflug)\u00a0<br \/>\nBreeder: Gest\u00fct Schlenderhan<br \/>\nOwner: Gest\u00fct S\u00f6derhof<br \/>\n2025 colt by Saxon Warrier<br \/>\nIn foal to Alson<\/p>\n<p>&nbsp;<\/p>\n<p>&nbsp;<\/p>\n<p><strong>Morondava\u00a0<\/strong>*2021<br \/>\nby Study of Man ex Mystic Sunshine (Maxios)<br \/>\nBreeder: Stiftung Gest\u00fct F\u00e4hrhof &amp; Flaxman Stables<br \/>\nOwner: Gest\u00fct S\u00f6derhof<br \/>\nIn foal to Alson<\/p>\n<p>&nbsp;<\/p>\n<p>&nbsp;<\/p>\n<p>\n<b>La Gaeta\u00a0<\/b>*2016<br \/>\nby Tin Horse ex Gaelic Music (Poliglote)<br \/>\nBreeder: M. Alain Fracas<br \/>\nOwner: Gest\u00fct S\u00f6derhof<br \/>\nIn foal to Alson<\/p>\n<p>\n<strong>Elara<\/strong> *2014<br \/>\nby Raven`s Pass ex Moon Sister (Cadeaux Genereux)\u00a0<br \/>\nBreeder: Rabbah Bloodstock Limited c\/o Darley, Dalham Hall Stud<br \/>\nOwner: Maria Lehnhardt<br \/>\n21.02.2021 colt by Earl of Tinsdal<br \/>\n24.02.2022 filly by Nirvana Du Berlais<br \/>\n31.03. 2023 colt by Windsto\u00df<br \/>\n2024 colt by Windsto\u00df<br \/>\n2025 colt by Guilliani<br \/>\nin foal to Waldgeist<\/p>\n<p>&nbsp;<\/p>\n<p><strong>Nada Alward<\/strong> *2013<br \/>\nby Aqlaam ex Pink Ivory (Sakhee)<br \/>\nBreeder: Rabbah Bloodstock Limited<br \/>\nOwner: Gest\u00fct S\u00f6derhof<br \/>\n02.02.2022 colt by Counterattack<br \/>\n20.02.2023 filly by Reliable Man<br \/>\n2024 filly by Waldpfad<br \/>\n2025 colt byAlson<br \/>\nNot covered\u00a0<\/p>\n<p>&nbsp;<\/p>\n<p><strong>Northern Fairy <\/strong>*2017<br \/>\nby Sea The Stars ex North Mare (Manduro)<br \/>\nBreeder: Haras de Cisai\/Ireland<br \/>\nOwner: Taxi4Horses<br \/>\n09.03.2023 colt by Best Solution<br \/>\n2024 filly Rubaiyat<br \/>\nin foal to Waldgeist<\/p>\n<p>&nbsp;<\/p>\n<p><strong>Silken Mary <\/strong>*2016<br \/>\nby Battle of Marengo ex Silken Waters (Halling)<br \/>\nBreeder: T. Nuttall\/Ireland<br \/>\nOwner: Stall Wolfswinkel<br \/>\n23.02.2023 filly by Reliable Man<br \/>\nin foal to Fantastic Moon<\/p>\n<p>&nbsp;<\/p>\n<p>&nbsp;<\/p>\n<p><strong>Time Queen <\/strong>*2015<br \/>\nby Camacho ex Virginian Rose (Galileo)<br \/>\nBreeder: Mr. R. McCulloch<br \/>\nOwner: Stall Wolfswinkel<br \/>\n02.02.2021 colt by Zarak<br \/>\n2024 filly by Best Solution<br \/>\nin foal to Alson<\/p>\n<p>\u00a0<\/p>\n<p>&nbsp;<\/p>\n<p><strong>Desposita\u00a0<\/strong>*<br \/>\nby Protectionist<br \/>\nBreeder: Gest\u00fct R\u00f6ttgen<br \/>\nOwner: Stall Wolfswinkel<br \/>\nin foal to Erevann<\/p>\n<p>&nbsp;<\/p>\n<p><strong>Lutindi<\/strong>\u00a0*2011<br \/>\nAdlerflug a.d. Lasira (Vettori)<br \/>\nZ\u00fcchter: Gest\u00fct Ebbesloh<br \/>\nBesitzer: Isabell u. Alfons M\u00fcller<br \/>\n2025 Stutfohlen von Space Blues<br \/>\ntragend von Fantastic Moon<\/p>\n<p>&nbsp;<\/p>\n<p>&nbsp;<\/p>\n<p><strong>Skathi *<\/strong>2020<br \/>\nTai Chi a.d. Sunshine Story (Desert Story)<br \/>\nZ\u00fcchter: Gest\u00fct R\u00f6merhof<br \/>\nBesitzer: Sarah Steinberg<br \/>\nTragend von Fantastic Moon<\/p>\n<p>&nbsp;<\/p>\n<p><strong>Mesa Verde\u00a0<\/strong>*2009<br \/>\nNayef a.d. Mosogna (Last Tycoon)<br \/>\nZ\u00fcchter: Gest\u00fct Ammerland<br \/>\nBesitzer: Nicole Mottershead Sueds\u00a0<br \/>\nTragend von Millowitch\u00a0<\/p>\n<p>&nbsp;<\/p>\n<p><strong>Sassy Rascal\u00a0<\/strong>*2019<br \/>\nMehmas a.d. Luna Forest (Holy Roman Emperor)<br \/>\nZ\u00fcchter: Deer Forest Stud, Ireland<br \/>\nBesitzer: Carola Meyer<\/p>\n<p>&nbsp;<\/p>\n<p><strong>Blue Fortress<\/strong> *2021<br \/>\nWootton Bassett a.d.Awareness (Distorted Humor)<br \/>\nZ\u00fcchter: Haras Voltaire\u00a0<br \/>\nBesitzer: Sabine Wehmeier<\/p>\n<p>&nbsp;<\/p>\n<p><strong>Wave Goodbye<\/strong> *2005<br \/>\nby Linamix ex Bressay (Nureyev)<br \/>\nBreeder: Aga Khan Studs<br \/>\nOwner: Dr. Frank Lehnhardt, S\u00f6derhof<br \/>\n12.04.2017 colt by Jukebox Jury<br \/>\n11.05.2018 colt by Tertullian<br \/>\n10.05.2019 filly by Protectionist<br \/>\n02.05.2020 filly by Protectionist<br \/>\nRetired<\/p>\n<p>&nbsp;<\/p>\n<p>&nbsp;<\/p>\n<p>&nbsp;<\/p>\n<p>&nbsp;<\/p>\n<p>&nbsp;<\/p>\n<p>&nbsp;<\/p>\n<p>&nbsp;<\/p>\n<p>&nbsp;<\/p>\n<p>&nbsp;<\/p>\n<p>&nbsp;<\/p>\n<p>&nbsp;<\/p>\n<p>&nbsp;<\/p>\n<p>&nbsp;<\/p>\n<p>&nbsp;<\/p>\n<p>&nbsp;<\/p>\n<p>&nbsp;<\/p>\n<\/td>\n<td style=\"border-color: #ffffff; width: 23.2481%; vertical-align: top;\">\n<p><a href=\"https:\/\/vollblutgestuet.soederhof.de\/wp-content\/uploads\/2022\/05\/53BF3CF5-6260-46B2-936E-3CD25FD57C78-scaled.jpeg\"><img loading=\"lazy\" decoding=\"async\" class=\"alignnone wp-image-2891 size-full\" src=\"https:\/\/vollblutgestuet.soederhof.de\/wp-content\/uploads\/2022\/05\/53BF3CF5-6260-46B2-936E-3CD25FD57C78-scaled.jpeg\" alt=\"\" width=\"2560\" height=\"1920\" srcset=\"https:\/\/vollblutgestuet.soederhof.de\/wp-content\/uploads\/2022\/05\/53BF3CF5-6260-46B2-936E-3CD25FD57C78-scaled.jpeg 2560w, https:\/\/vollblutgestuet.soederhof.de\/wp-content\/uploads\/2022\/05\/53BF3CF5-6260-46B2-936E-3CD25FD57C78-300x225.jpeg 300w, https:\/\/vollblutgestuet.soederhof.de\/wp-content\/uploads\/2022\/05\/53BF3CF5-6260-46B2-936E-3CD25FD57C78-1024x768.jpeg 1024w, https:\/\/vollblutgestuet.soederhof.de\/wp-content\/uploads\/2022\/05\/53BF3CF5-6260-46B2-936E-3CD25FD57C78-768x576.jpeg 768w, https:\/\/vollblutgestuet.soederhof.de\/wp-content\/uploads\/2022\/05\/53BF3CF5-6260-46B2-936E-3CD25FD57C78-1536x1152.jpeg 1536w, https:\/\/vollblutgestuet.soederhof.de\/wp-content\/uploads\/2022\/05\/53BF3CF5-6260-46B2-936E-3CD25FD57C78-2048x1536.jpeg 2048w\" sizes=\"auto, (max-width: 2560px) 100vw, 2560px\" \/><\/a><\/p>\n<p><a href=\"https:\/\/vollblutgestuet.soederhof.de\/wp-content\/uploads\/2022\/05\/IMG_2122-scaled.jpg\"><img loading=\"lazy\" decoding=\"async\" class=\"alignnone wp-image-2941 size-full\" src=\"https:\/\/vollblutgestuet.soederhof.de\/wp-content\/uploads\/2022\/05\/IMG_2122-scaled.jpg\" alt=\"\" width=\"2560\" height=\"1707\" srcset=\"https:\/\/vollblutgestuet.soederhof.de\/wp-content\/uploads\/2022\/05\/IMG_2122-scaled.jpg 2560w, https:\/\/vollblutgestuet.soederhof.de\/wp-content\/uploads\/2022\/05\/IMG_2122-300x200.jpg 300w, https:\/\/vollblutgestuet.soederhof.de\/wp-content\/uploads\/2022\/05\/IMG_2122-1024x683.jpg 1024w, https:\/\/vollblutgestuet.soederhof.de\/wp-content\/uploads\/2022\/05\/IMG_2122-768x512.jpg 768w, https:\/\/vollblutgestuet.soederhof.de\/wp-content\/uploads\/2022\/05\/IMG_2122-1536x1024.jpg 1536w, https:\/\/vollblutgestuet.soederhof.de\/wp-content\/uploads\/2022\/05\/IMG_2122-2048x1365.jpg 2048w\" sizes=\"auto, (max-width: 2560px) 100vw, 2560px\" \/><\/a><\/p>\n<p><a href=\"https:\/\/vollblutgestuet.soederhof.de\/wp-content\/uploads\/2022\/05\/C9C98DA8-D734-4E86-AEAB-EBE543C76A6F.jpeg\"><img loading=\"lazy\" decoding=\"async\" class=\"alignnone wp-image-2893 size-full\" src=\"https:\/\/vollblutgestuet.soederhof.de\/wp-content\/uploads\/2022\/05\/C9C98DA8-D734-4E86-AEAB-EBE543C76A6F.jpeg\" alt=\"\" width=\"1440\" height=\"1085\" srcset=\"https:\/\/vollblutgestuet.soederhof.de\/wp-content\/uploads\/2022\/05\/C9C98DA8-D734-4E86-AEAB-EBE543C76A6F.jpeg 1440w, https:\/\/vollblutgestuet.soederhof.de\/wp-content\/uploads\/2022\/05\/C9C98DA8-D734-4E86-AEAB-EBE543C76A6F-300x226.jpeg 300w, https:\/\/vollblutgestuet.soederhof.de\/wp-content\/uploads\/2022\/05\/C9C98DA8-D734-4E86-AEAB-EBE543C76A6F-1024x772.jpeg 1024w, https:\/\/vollblutgestuet.soederhof.de\/wp-content\/uploads\/2022\/05\/C9C98DA8-D734-4E86-AEAB-EBE543C76A6F-768x579.jpeg 768w\" sizes=\"auto, (max-width: 1440px) 100vw, 1440px\" \/><\/a><a href=\"https:\/\/vollblutgestuet.soederhof.de\/wp-content\/uploads\/2017\/11\/brightness_babaraba.jpg\"><img loading=\"lazy\" decoding=\"async\" class=\"alignnone wp-image-353 size-medium\" src=\"https:\/\/vollblutgestuet.soederhof.de\/wp-content\/uploads\/2017\/11\/brightness_babaraba-199x300.jpg\" alt=\"\" width=\"199\" height=\"300\" srcset=\"https:\/\/vollblutgestuet.soederhof.de\/wp-content\/uploads\/2017\/11\/brightness_babaraba-199x300.jpg 199w, https:\/\/vollblutgestuet.soederhof.de\/wp-content\/uploads\/2017\/11\/brightness_babaraba.jpg 215w\" sizes=\"auto, (max-width: 199px) 100vw, 199px\" \/><\/a><a href=\"https:\/\/vollblutgestuet.soederhof.de\/wp-content\/uploads\/2022\/05\/D3472471-32FA-4FB0-A531-AE294087E8AC-scaled.jpeg\"><img loading=\"lazy\" decoding=\"async\" class=\"alignnone wp-image-2920 size-full\" src=\"https:\/\/vollblutgestuet.soederhof.de\/wp-content\/uploads\/2022\/05\/D3472471-32FA-4FB0-A531-AE294087E8AC-scaled.jpeg\" alt=\"\" width=\"2560\" height=\"1920\" srcset=\"https:\/\/vollblutgestuet.soederhof.de\/wp-content\/uploads\/2022\/05\/D3472471-32FA-4FB0-A531-AE294087E8AC-scaled.jpeg 2560w, https:\/\/vollblutgestuet.soederhof.de\/wp-content\/uploads\/2022\/05\/D3472471-32FA-4FB0-A531-AE294087E8AC-300x225.jpeg 300w, https:\/\/vollblutgestuet.soederhof.de\/wp-content\/uploads\/2022\/05\/D3472471-32FA-4FB0-A531-AE294087E8AC-1024x768.jpeg 1024w, https:\/\/vollblutgestuet.soederhof.de\/wp-content\/uploads\/2022\/05\/D3472471-32FA-4FB0-A531-AE294087E8AC-768x576.jpeg 768w, https:\/\/vollblutgestuet.soederhof.de\/wp-content\/uploads\/2022\/05\/D3472471-32FA-4FB0-A531-AE294087E8AC-1536x1152.jpeg 1536w, https:\/\/vollblutgestuet.soederhof.de\/wp-content\/uploads\/2022\/05\/D3472471-32FA-4FB0-A531-AE294087E8AC-2048x1536.jpeg 2048w\" sizes=\"auto, (max-width: 2560px) 100vw, 2560px\" \/><\/a><a href=\"https:\/\/vollblutgestuet.soederhof.de\/wp-content\/uploads\/2022\/05\/AA2C3648-0FE9-44A7-88AA-286F4C43ED3E-scaled.jpeg\"><img loading=\"lazy\" decoding=\"async\" class=\"alignnone wp-image-2898 size-full\" src=\"https:\/\/vollblutgestuet.soederhof.de\/wp-content\/uploads\/2022\/05\/AA2C3648-0FE9-44A7-88AA-286F4C43ED3E-scaled.jpeg\" alt=\"\" width=\"1748\" height=\"2560\" srcset=\"https:\/\/vollblutgestuet.soederhof.de\/wp-content\/uploads\/2022\/05\/AA2C3648-0FE9-44A7-88AA-286F4C43ED3E-scaled.jpeg 1748w, https:\/\/vollblutgestuet.soederhof.de\/wp-content\/uploads\/2022\/05\/AA2C3648-0FE9-44A7-88AA-286F4C43ED3E-205x300.jpeg 205w, https:\/\/vollblutgestuet.soederhof.de\/wp-content\/uploads\/2022\/05\/AA2C3648-0FE9-44A7-88AA-286F4C43ED3E-699x1024.jpeg 699w, https:\/\/vollblutgestuet.soederhof.de\/wp-content\/uploads\/2022\/05\/AA2C3648-0FE9-44A7-88AA-286F4C43ED3E-768x1125.jpeg 768w, https:\/\/vollblutgestuet.soederhof.de\/wp-content\/uploads\/2022\/05\/AA2C3648-0FE9-44A7-88AA-286F4C43ED3E-1049x1536.jpeg 1049w, https:\/\/vollblutgestuet.soederhof.de\/wp-content\/uploads\/2022\/05\/AA2C3648-0FE9-44A7-88AA-286F4C43ED3E-1399x2048.jpeg 1399w\" sizes=\"auto, (max-width: 1748px) 100vw, 1748px\" \/><\/a><a href=\"https:\/\/vollblutgestuet.soederhof.de\/wp-content\/uploads\/2022\/05\/E7B11DA8-2BCA-4F19-AD75-4EEE650EFC79-scaled.jpeg\"><img loading=\"lazy\" decoding=\"async\" class=\"alignnone wp-image-2886 size-full\" src=\"https:\/\/vollblutgestuet.soederhof.de\/wp-content\/uploads\/2022\/05\/E7B11DA8-2BCA-4F19-AD75-4EEE650EFC79-scaled.jpeg\" alt=\"\" width=\"1707\" height=\"2560\" srcset=\"https:\/\/vollblutgestuet.soederhof.de\/wp-content\/uploads\/2022\/05\/E7B11DA8-2BCA-4F19-AD75-4EEE650EFC79-scaled.jpeg 1707w, https:\/\/vollblutgestuet.soederhof.de\/wp-content\/uploads\/2022\/05\/E7B11DA8-2BCA-4F19-AD75-4EEE650EFC79-200x300.jpeg 200w, https:\/\/vollblutgestuet.soederhof.de\/wp-content\/uploads\/2022\/05\/E7B11DA8-2BCA-4F19-AD75-4EEE650EFC79-683x1024.jpeg 683w, https:\/\/vollblutgestuet.soederhof.de\/wp-content\/uploads\/2022\/05\/E7B11DA8-2BCA-4F19-AD75-4EEE650EFC79-768x1152.jpeg 768w, https:\/\/vollblutgestuet.soederhof.de\/wp-content\/uploads\/2022\/05\/E7B11DA8-2BCA-4F19-AD75-4EEE650EFC79-1024x1536.jpeg 1024w, https:\/\/vollblutgestuet.soederhof.de\/wp-content\/uploads\/2022\/05\/E7B11DA8-2BCA-4F19-AD75-4EEE650EFC79-1365x2048.jpeg 1365w\" sizes=\"auto, (max-width: 1707px) 100vw, 1707px\" \/><\/a><a href=\"https:\/\/vollblutgestuet.soederhof.de\/wp-content\/uploads\/2022\/05\/27FB730E-29F2-434D-AD27-4605124629FD-scaled.jpeg\"><img loading=\"lazy\" decoding=\"async\" class=\"alignnone wp-image-2892 size-full\" src=\"https:\/\/vollblutgestuet.soederhof.de\/wp-content\/uploads\/2022\/05\/27FB730E-29F2-434D-AD27-4605124629FD-scaled.jpeg\" alt=\"\" width=\"2560\" height=\"1920\" srcset=\"https:\/\/vollblutgestuet.soederhof.de\/wp-content\/uploads\/2022\/05\/27FB730E-29F2-434D-AD27-4605124629FD-scaled.jpeg 2560w, https:\/\/vollblutgestuet.soederhof.de\/wp-content\/uploads\/2022\/05\/27FB730E-29F2-434D-AD27-4605124629FD-300x225.jpeg 300w, https:\/\/vollblutgestuet.soederhof.de\/wp-content\/uploads\/2022\/05\/27FB730E-29F2-434D-AD27-4605124629FD-1024x768.jpeg 1024w, https:\/\/vollblutgestuet.soederhof.de\/wp-content\/uploads\/2022\/05\/27FB730E-29F2-434D-AD27-4605124629FD-768x576.jpeg 768w, https:\/\/vollblutgestuet.soederhof.de\/wp-content\/uploads\/2022\/05\/27FB730E-29F2-434D-AD27-4605124629FD-1536x1152.jpeg 1536w, https:\/\/vollblutgestuet.soederhof.de\/wp-content\/uploads\/2022\/05\/27FB730E-29F2-434D-AD27-4605124629FD-2048x1536.jpeg 2048w\" sizes=\"auto, (max-width: 2560px) 100vw, 2560px\" \/><\/a><a href=\"https:\/\/vollblutgestuet.soederhof.de\/wp-content\/uploads\/2021\/12\/FD0D4115-8C12-4F23-BEB6-3596BF59D97B.jpeg\"><img loading=\"lazy\" decoding=\"async\" class=\"alignnone wp-image-2779 size-full\" src=\"https:\/\/vollblutgestuet.soederhof.de\/wp-content\/uploads\/2021\/12\/FD0D4115-8C12-4F23-BEB6-3596BF59D97B.jpeg\" alt=\"\" width=\"667\" height=\"667\" srcset=\"https:\/\/vollblutgestuet.soederhof.de\/wp-content\/uploads\/2021\/12\/FD0D4115-8C12-4F23-BEB6-3596BF59D97B.jpeg 667w, https:\/\/vollblutgestuet.soederhof.de\/wp-content\/uploads\/2021\/12\/FD0D4115-8C12-4F23-BEB6-3596BF59D97B-300x300.jpeg 300w, https:\/\/vollblutgestuet.soederhof.de\/wp-content\/uploads\/2021\/12\/FD0D4115-8C12-4F23-BEB6-3596BF59D97B-150x150.jpeg 150w\" sizes=\"auto, (max-width: 667px) 100vw, 667px\" \/><\/a><\/p>\n<p><a href=\"https:\/\/vollblutgestuet.soederhof.de\/wp-content\/uploads\/2021\/05\/IMG_6530-scaled.jpg\"><img loading=\"lazy\" decoding=\"async\" class=\"alignnone size-full wp-image-2638\" src=\"https:\/\/vollblutgestuet.soederhof.de\/wp-content\/uploads\/2021\/05\/IMG_6530-scaled.jpg\" alt=\"\" width=\"2560\" height=\"1707\" srcset=\"https:\/\/vollblutgestuet.soederhof.de\/wp-content\/uploads\/2021\/05\/IMG_6530-scaled.jpg 2560w, https:\/\/vollblutgestuet.soederhof.de\/wp-content\/uploads\/2021\/05\/IMG_6530-300x200.jpg 300w, https:\/\/vollblutgestuet.soederhof.de\/wp-content\/uploads\/2021\/05\/IMG_6530-1024x683.jpg 1024w, https:\/\/vollblutgestuet.soederhof.de\/wp-content\/uploads\/2021\/05\/IMG_6530-768x512.jpg 768w, https:\/\/vollblutgestuet.soederhof.de\/wp-content\/uploads\/2021\/05\/IMG_6530-1536x1024.jpg 1536w, https:\/\/vollblutgestuet.soederhof.de\/wp-content\/uploads\/2021\/05\/IMG_6530-2048x1365.jpg 2048w\" sizes=\"auto, (max-width: 2560px) 100vw, 2560px\" \/><\/a><\/p>\n<p><a href=\"https:\/\/vollblutgestuet.soederhof.de\/wp-content\/uploads\/2021\/02\/IMG_4674-scaled.jpg\"><img loading=\"lazy\" decoding=\"async\" class=\"alignnone size-full wp-image-2510\" src=\"https:\/\/vollblutgestuet.soederhof.de\/wp-content\/uploads\/2021\/02\/IMG_4674-scaled.jpg\" alt=\"\" width=\"1707\" height=\"2560\" srcset=\"https:\/\/vollblutgestuet.soederhof.de\/wp-content\/uploads\/2021\/02\/IMG_4674-scaled.jpg 1707w, https:\/\/vollblutgestuet.soederhof.de\/wp-content\/uploads\/2021\/02\/IMG_4674-200x300.jpg 200w, https:\/\/vollblutgestuet.soederhof.de\/wp-content\/uploads\/2021\/02\/IMG_4674-683x1024.jpg 683w, https:\/\/vollblutgestuet.soederhof.de\/wp-content\/uploads\/2021\/02\/IMG_4674-768x1152.jpg 768w, https:\/\/vollblutgestuet.soederhof.de\/wp-content\/uploads\/2021\/02\/IMG_4674-1024x1536.jpg 1024w, https:\/\/vollblutgestuet.soederhof.de\/wp-content\/uploads\/2021\/02\/IMG_4674-1365x2048.jpg 1365w\" sizes=\"auto, (max-width: 1707px) 100vw, 1707px\" \/><\/a><\/p>\n<\/td>\n<\/tr>\n<\/tbody>\n<\/table>\n","protected":false},"excerpt":{"rendered":"<p>&nbsp; Broodmares: &nbsp; Eaglelike *2020 by Camelot ex Eagle Eyes (Adlerflug)\u00a0 Breeder: Gest\u00fct Schlenderhan Owner: Gest\u00fct S\u00f6derhof 2025 colt by Saxon Warrier In foal to Alson &nbsp; &nbsp; Morondava\u00a0*2021 by Study of Man ex Mystic Sunshine (Maxios) Breeder: Stiftung Gest\u00fct&#8230; <a href=\"https:\/\/vollblutgestuet.soederhof.de\/en\/stuten\/\" class=\"readmore\">Read more<span class=\"screen-reader-text\">Mares<\/span><span class=\"fa fa-angle-double-right\" aria-hidden=\"true\"><\/span><\/a><\/p>\n","protected":false},"author":2,"featured_media":0,"parent":0,"menu_order":0,"comment_status":"closed","ping_status":"closed","template":"","meta":{"footnotes":""},"class_list":["post-289","page","type-page","status-publish","hentry"],"translation":{"provider":"WPGlobus","version":"3.0.0","language":"en","enabled_languages":["de","en"],"languages":{"de":{"title":true,"content":true,"excerpt":false},"en":{"title":true,"content":true,"excerpt":false}}},"yoast_head":"<!-- This site is optimized with the Yoast SEO plugin v26.6 - https:\/\/yoast.com\/wordpress\/plugins\/seo\/ -->\n<title>Mares - S\u00f6derhof<\/title>\n<meta name=\"robots\" content=\"index, follow, max-snippet:-1, max-image-preview:large, max-video-preview:-1\" \/>\n<link rel=\"canonical\" href=\"https:\/\/vollblutgestuet.soederhof.de\/stuten\/\" \/>\n<meta property=\"og:locale\" content=\"en_US\" \/>\n<meta property=\"og:type\" content=\"article\" \/>\n<meta property=\"og:title\" content=\"Mares - S\u00f6derhof\" \/>\n<meta property=\"og:url\" content=\"https:\/\/vollblutgestuet.soederhof.de\/stuten\/\" \/>\n<meta property=\"og:site_name\" content=\"S\u00f6derhof\" \/>\n<meta property=\"article:modified_time\" content=\"2025-11-10T10:56:13+00:00\" \/>\n<meta property=\"og:image\" content=\"https:\/\/vollblutgestuet.soederhof.de\/wp-content\/uploads\/2022\/05\/53BF3CF5-6260-46B2-936E-3CD25FD57C78-scaled.jpeg\" \/>\n\t<meta property=\"og:image:width\" content=\"2560\" \/>\n\t<meta property=\"og:image:height\" content=\"1920\" \/>\n\t<meta property=\"og:image:type\" content=\"image\/jpeg\" \/>\n<meta name=\"twitter:card\" content=\"summary_large_image\" \/>\n<meta name=\"twitter:label1\" content=\"Est. reading time\" \/>\n\t<meta name=\"twitter:data1\" content=\"5 minutes\" \/>\n<script type=\"application\/ld+json\" class=\"yoast-schema-graph\">{\"@context\":\"https:\/\/schema.org\",\"@graph\":[{\"@type\":\"WebPage\",\"@id\":\"https:\/\/vollblutgestuet.soederhof.de\/stuten\/\",\"url\":\"https:\/\/vollblutgestuet.soederhof.de\/stuten\/\",\"name\":\"Mares - S\u00f6derhof\",\"isPartOf\":{\"@id\":\"https:\/\/vollblutgestuet.soederhof.de\/#website\"},\"primaryImageOfPage\":{\"@id\":\"https:\/\/vollblutgestuet.soederhof.de\/stuten\/#primaryimage\"},\"image\":{\"@id\":\"https:\/\/vollblutgestuet.soederhof.de\/stuten\/#primaryimage\"},\"thumbnailUrl\":\"https:\/\/vollblutgestuet.soederhof.de\/wp-content\/uploads\/2022\/05\/53BF3CF5-6260-46B2-936E-3CD25FD57C78-scaled.jpeg\",\"datePublished\":\"2017-11-30T09:52:48+00:00\",\"dateModified\":\"2025-11-10T10:56:13+00:00\",\"description\":\"\\\"Die Adresse f\u00fcr Edelblut\\\" - EU-Besamungsstation - Zucht- und Ausbildungsstall\",\"breadcrumb\":{\"@id\":\"https:\/\/vollblutgestuet.soederhof.de\/stuten\/#breadcrumb\"},\"inLanguage\":\"en-US\",\"potentialAction\":[{\"@type\":\"ReadAction\",\"target\":[\"https:\/\/vollblutgestuet.soederhof.de\/stuten\/\"]}]},{\"@type\":\"ImageObject\",\"inLanguage\":\"en-US\",\"@id\":\"https:\/\/vollblutgestuet.soederhof.de\/stuten\/#primaryimage\",\"url\":\"https:\/\/vollblutgestuet.soederhof.de\/wp-content\/uploads\/2022\/05\/53BF3CF5-6260-46B2-936E-3CD25FD57C78-scaled.jpeg\",\"contentUrl\":\"https:\/\/vollblutgestuet.soederhof.de\/wp-content\/uploads\/2022\/05\/53BF3CF5-6260-46B2-936E-3CD25FD57C78-scaled.jpeg\"},{\"@type\":\"BreadcrumbList\",\"@id\":\"https:\/\/vollblutgestuet.soederhof.de\/stuten\/#breadcrumb\",\"itemListElement\":[{\"@type\":\"ListItem\",\"position\":1,\"name\":\"Startseite\",\"item\":\"https:\/\/vollblutgestuet.soederhof.de\/\"},{\"@type\":\"ListItem\",\"position\":2,\"name\":\"Zucht\"}]},{\"@type\":\"WebSite\",\"@id\":\"https:\/\/vollblutgestuet.soederhof.de\/#website\",\"url\":\"https:\/\/vollblutgestuet.soederhof.de\/\",\"name\":\"S\u00f6derhof\",\"description\":\"Die Adresse f\u00fcr Edelblut\",\"publisher\":{\"@id\":\"https:\/\/vollblutgestuet.soederhof.de\/#organization\"},\"potentialAction\":[{\"@type\":\"SearchAction\",\"target\":{\"@type\":\"EntryPoint\",\"urlTemplate\":\"https:\/\/vollblutgestuet.soederhof.de\/?s={search_term_string}\"},\"query-input\":{\"@type\":\"PropertyValueSpecification\",\"valueRequired\":true,\"valueName\":\"search_term_string\"}}],\"inLanguage\":\"en-US\"},{\"@type\":\"Organization\",\"@id\":\"https:\/\/vollblutgestuet.soederhof.de\/#organization\",\"name\":\"S\u00f6derhof\",\"url\":\"https:\/\/vollblutgestuet.soederhof.de\/\",\"logo\":{\"@type\":\"ImageObject\",\"inLanguage\":\"en-US\",\"@id\":\"https:\/\/vollblutgestuet.soederhof.de\/#\/schema\/logo\/image\/\",\"url\":\"https:\/\/www.soederhof.de\/wp-content\/uploads\/2020\/01\/logo.png\",\"contentUrl\":\"https:\/\/www.soederhof.de\/wp-content\/uploads\/2020\/01\/logo.png\",\"width\":369,\"height\":166,\"caption\":\"S\u00f6derhof\"},\"image\":{\"@id\":\"https:\/\/vollblutgestuet.soederhof.de\/#\/schema\/logo\/image\/\"}}]}<\/script>\n<!-- \/ Yoast SEO plugin. -->","yoast_head_json":{"title":"Mares - S\u00f6derhof","robots":{"index":"index","follow":"follow","max-snippet":"max-snippet:-1","max-image-preview":"max-image-preview:large","max-video-preview":"max-video-preview:-1"},"canonical":"https:\/\/vollblutgestuet.soederhof.de\/stuten\/","og_locale":"en_US","og_type":"article","og_title":"Mares - S\u00f6derhof","og_url":"https:\/\/vollblutgestuet.soederhof.de\/stuten\/","og_site_name":"S\u00f6derhof","article_modified_time":"2025-11-10T10:56:13+00:00","og_image":[{"width":2560,"height":1920,"url":"https:\/\/vollblutgestuet.soederhof.de\/wp-content\/uploads\/2022\/05\/53BF3CF5-6260-46B2-936E-3CD25FD57C78-scaled.jpeg","type":"image\/jpeg"}],"twitter_card":"summary_large_image","twitter_misc":{"Est. reading time":"5 minutes"},"schema":{"@context":"https:\/\/schema.org","@graph":[{"@type":"WebPage","@id":"https:\/\/vollblutgestuet.soederhof.de\/stuten\/","url":"https:\/\/vollblutgestuet.soederhof.de\/stuten\/","name":"Mares - S\u00f6derhof","isPartOf":{"@id":"https:\/\/vollblutgestuet.soederhof.de\/#website"},"primaryImageOfPage":{"@id":"https:\/\/vollblutgestuet.soederhof.de\/stuten\/#primaryimage"},"image":{"@id":"https:\/\/vollblutgestuet.soederhof.de\/stuten\/#primaryimage"},"thumbnailUrl":"https:\/\/vollblutgestuet.soederhof.de\/wp-content\/uploads\/2022\/05\/53BF3CF5-6260-46B2-936E-3CD25FD57C78-scaled.jpeg","datePublished":"2017-11-30T09:52:48+00:00","dateModified":"2025-11-10T10:56:13+00:00","description":"\"Die Adresse f\u00fcr Edelblut\" - EU-Besamungsstation - Zucht- und Ausbildungsstall","breadcrumb":{"@id":"https:\/\/vollblutgestuet.soederhof.de\/stuten\/#breadcrumb"},"inLanguage":"en-US","potentialAction":[{"@type":"ReadAction","target":["https:\/\/vollblutgestuet.soederhof.de\/stuten\/"]}]},{"@type":"ImageObject","inLanguage":"en-US","@id":"https:\/\/vollblutgestuet.soederhof.de\/stuten\/#primaryimage","url":"https:\/\/vollblutgestuet.soederhof.de\/wp-content\/uploads\/2022\/05\/53BF3CF5-6260-46B2-936E-3CD25FD57C78-scaled.jpeg","contentUrl":"https:\/\/vollblutgestuet.soederhof.de\/wp-content\/uploads\/2022\/05\/53BF3CF5-6260-46B2-936E-3CD25FD57C78-scaled.jpeg"},{"@type":"BreadcrumbList","@id":"https:\/\/vollblutgestuet.soederhof.de\/stuten\/#breadcrumb","itemListElement":[{"@type":"ListItem","position":1,"name":"Startseite","item":"https:\/\/vollblutgestuet.soederhof.de\/"},{"@type":"ListItem","position":2,"name":"Zucht"}]},{"@type":"WebSite","@id":"https:\/\/vollblutgestuet.soederhof.de\/#website","url":"https:\/\/vollblutgestuet.soederhof.de\/","name":"S\u00f6derhof","description":"Die Adresse f\u00fcr Edelblut","publisher":{"@id":"https:\/\/vollblutgestuet.soederhof.de\/#organization"},"potentialAction":[{"@type":"SearchAction","target":{"@type":"EntryPoint","urlTemplate":"https:\/\/vollblutgestuet.soederhof.de\/?s={search_term_string}"},"query-input":{"@type":"PropertyValueSpecification","valueRequired":true,"valueName":"search_term_string"}}],"inLanguage":"en-US"},{"@type":"Organization","@id":"https:\/\/vollblutgestuet.soederhof.de\/#organization","name":"S\u00f6derhof","url":"https:\/\/vollblutgestuet.soederhof.de\/","logo":{"@type":"ImageObject","inLanguage":"en-US","@id":"https:\/\/vollblutgestuet.soederhof.de\/#\/schema\/logo\/image\/","url":"https:\/\/www.soederhof.de\/wp-content\/uploads\/2020\/01\/logo.png","contentUrl":"https:\/\/www.soederhof.de\/wp-content\/uploads\/2020\/01\/logo.png","width":369,"height":166,"caption":"S\u00f6derhof"},"image":{"@id":"https:\/\/vollblutgestuet.soederhof.de\/#\/schema\/logo\/image\/"}}]}},"_links":{"self":[{"href":"https:\/\/vollblutgestuet.soederhof.de\/en\/wp-json\/wp\/v2\/pages\/289","targetHints":{"allow":["GET"]}}],"collection":[{"href":"https:\/\/vollblutgestuet.soederhof.de\/en\/wp-json\/wp\/v2\/pages"}],"about":[{"href":"https:\/\/vollblutgestuet.soederhof.de\/en\/wp-json\/wp\/v2\/types\/page"}],"author":[{"embeddable":true,"href":"https:\/\/vollblutgestuet.soederhof.de\/en\/wp-json\/wp\/v2\/users\/2"}],"replies":[{"embeddable":true,"href":"https:\/\/vollblutgestuet.soederhof.de\/en\/wp-json\/wp\/v2\/comments?post=289"}],"version-history":[{"count":110,"href":"https:\/\/vollblutgestuet.soederhof.de\/en\/wp-json\/wp\/v2\/pages\/289\/revisions"}],"predecessor-version":[{"id":3241,"href":"https:\/\/vollblutgestuet.soederhof.de\/en\/wp-json\/wp\/v2\/pages\/289\/revisions\/3241"}],"wp:attachment":[{"href":"https:\/\/vollblutgestuet.soederhof.de\/en\/wp-json\/wp\/v2\/media?parent=289"}],"curies":[{"name":"wp","href":"https:\/\/api.w.org\/{rel}","templated":true}]}}